{"id":5593,"date":"2025-07-07T08:56:51","date_gmt":"2025-07-07T06:56:51","guid":{"rendered":"https:\/\/tolga-akcay.com\/?page_id=5593"},"modified":"2025-07-24T13:41:35","modified_gmt":"2025-07-24T11:41:35","slug":"booking","status":"publish","type":"page","link":"https:\/\/tolga-akcay.com\/en\/booking\/","title":{"rendered":"Booking"},"content":{"rendered":"<div data-elementor-type=\"wp-page\" data-elementor-id=\"5593\" class=\"elementor elementor-5593\" data-elementor-post-type=\"page\">\n\t\t\t\t        <section class=\"elementor-section elementor-top-section elementor-element elementor-element-adef396 elementor-section-boxed elementor-section-height-default elementor-section-height-default pxl-row-scroll-none pxl-section-bg-none\" data-id=\"adef396\" data-element_type=\"section\">\n\n                \n                <div class=\"elementor-container elementor-column-gap-default\">\n                <div class=\"elementor-column elementor-col-100 elementor-top-column elementor-element elementor-element-c1eb4b3 pxl-column-none\" data-id=\"c1eb4b3\" data-element_type=\"column\">\r\n        <div class=\"elementor-widget-wrap elementor-element-populated\">\r\n                     \r\n        \t\t<div class=\"elementor-element elementor-element-1fa7dee elementor-widget elementor-widget-pxl_heading\" data-id=\"1fa7dee\" data-element_type=\"widget\" data-widget_type=\"pxl_heading.default\">\n\t\t\t\t<div class=\"elementor-widget-container\">\n\t\t\t\t\t<div class=\"pxl-heading\">\n\t<div class=\"pxl-heading--inner\">\n\t\t\t\t\t\t\t<h1 class=\"pxl-item--title heading-style1\" data-wow-delay=\"ms\" data-wow-duration=\"1.2s\" >\n\t\t\t\tStart Your Digital Transformation Now!\t\t\t<\/h1>\n\t\t\t<\/div>\n<\/div>\n\t\t\t\t<\/div>\n\t\t\t\t<\/div>\n\t\t        <section class=\"elementor-section elementor-inner-section elementor-element elementor-element-098fc5a elementor-section-boxed elementor-section-height-default elementor-section-height-default pxl-row-scroll-none pxl-section-bg-none\" data-id=\"098fc5a\" data-element_type=\"section\">\n\n                \n                <div class=\"elementor-container elementor-column-gap-default\">\n                <div class=\"elementor-column elementor-col-100 elementor-inner-column elementor-element elementor-element-5ced5a9 pxl-column-none\" data-id=\"5ced5a9\" data-element_type=\"column\">\r\n        <div class=\"elementor-widget-wrap elementor-element-populated\">\r\n                     \r\n        \t\t<div class=\"elementor-element elementor-element-7295cc4 elementor-widget elementor-widget-pxl_text_editor\" data-id=\"7295cc4\" data-element_type=\"widget\" data-widget_type=\"pxl_text_editor.default\">\n\t\t\t\t<div class=\"elementor-widget-container\">\n\t\t\t\t\t<div class=\"pxl-text-editor style1\" data-wow-delay=\"ms\" data-wow-duration=\"1.2s\">\n\t<div class=\"pxl-item--inner\">\n\t\t<p>Arrange a consultation with Tolga Akcay today and learn how customized strategies in the areas of artificial intelligence, blockchain, and global trade can optimize your business processes and sustainably improve the customer experience.<\/p>\t<\/div>\n<\/div>\n\t\t\t\t<\/div>\n\t\t\t\t<\/div>\n\t\t            <\/div>\r\n        <\/div>\r\n        \t\t\t<\/div>\n\t\t<\/section>\n\t\t            <\/div>\r\n        <\/div>\r\n        \t\t\t<\/div>\n\t\t<\/section>\n\t\t<div class=\"elementor-element elementor-element-f93a1d8 e-con-full e-flex pxl-row-scroll-none pxl-section-bg-none pxl-column-none e-con e-parent\" data-id=\"f93a1d8\" data-element_type=\"container\" data-settings=\"{&quot;background_background&quot;:&quot;classic&quot;}\">\t\t<div class=\"elementor-element elementor-element-30ea0ed elementor-widget elementor-widget-shortcode\" data-id=\"30ea0ed\" data-element_type=\"widget\" data-widget_type=\"shortcode.default\">\n\t\t\t\t<div class=\"elementor-widget-container\">\n\t\t\t\t\t\t\t<div class=\"elementor-shortcode\"><!-- Calendly inline widget begin -->\n<div class=\"calendly-inline-widget\" data-url=\"https:\/\/calendly.com\/tolga-aicoding?hide_landing_page_details=1&hide_gdpr_banner=1&primary_color=0f4291\" style=\"min-width:320px;height:700px;\"><\/div>\n<script type=\"text\/javascript\" src=\"https:\/\/assets.calendly.com\/assets\/external\/widget.js\" async><\/script>\n<!-- Calendly inline widget end --><\/div>\n\t\t\t\t\t\t<\/div>\n\t\t\t\t<\/div>\n\t\t\t\t<\/div>\r\n\t\t\t\t<\/div>","protected":false},"excerpt":{"rendered":"<p>Starten Sie jetzt Ihre digitale Transformation! Vereinbaren Sie noch heute ein Beratungsgespr\u00e4ch mit Tolga Akcay und erfahren Sie, wie ma\u00dfgeschneiderte Strategien in den Bereichen K\u00fcnstliche Intelligenz, Blockchain und Globaler Handel Ihre Gesch\u00e4ftsprozesse optimieren und die Customer Experience nachhaltig verbessern k\u00f6nnen.<\/p>","protected":false},"author":38,"featured_media":0,"parent":0,"menu_order":0,"comment_status":"closed","ping_status":"closed","template":"","meta":{"footnotes":""},"class_list":["post-5593","page","type-page","status-publish","hentry"],"_links":{"self":[{"href":"https:\/\/tolga-akcay.com\/en\/wp-json\/wp\/v2\/pages\/5593","targetHints":{"allow":["GET"]}}],"collection":[{"href":"https:\/\/tolga-akcay.com\/en\/wp-json\/wp\/v2\/pages"}],"about":[{"href":"https:\/\/tolga-akcay.com\/en\/wp-json\/wp\/v2\/types\/page"}],"author":[{"embeddable":true,"href":"https:\/\/tolga-akcay.com\/en\/wp-json\/wp\/v2\/users\/38"}],"replies":[{"embeddable":true,"href":"https:\/\/tolga-akcay.com\/en\/wp-json\/wp\/v2\/comments?post=5593"}],"version-history":[{"count":56,"href":"https:\/\/tolga-akcay.com\/en\/wp-json\/wp\/v2\/pages\/5593\/revisions"}],"predecessor-version":[{"id":6798,"href":"https:\/\/tolga-akcay.com\/en\/wp-json\/wp\/v2\/pages\/5593\/revisions\/6798"}],"wp:attachment":[{"href":"https:\/\/tolga-akcay.com\/en\/wp-json\/wp\/v2\/media?parent=5593"}],"curies":[{"name":"wp","href":"https:\/\/api.w.org\/{rel}","templated":true}]}}