{"id":6500,"date":"2025-07-08T10:54:22","date_gmt":"2025-07-08T08:54:22","guid":{"rendered":"https:\/\/tolga-akcay.com\/?page_id=6500"},"modified":"2025-07-16T14:06:38","modified_gmt":"2025-07-16T12:06:38","slug":"impressum","status":"publish","type":"page","link":"https:\/\/tolga-akcay.com\/en\/impressum\/","title":{"rendered":"Imprint"},"content":{"rendered":"<div data-elementor-type=\"wp-page\" data-elementor-id=\"6500\" class=\"elementor elementor-6500\" data-elementor-post-type=\"page\">\n\t\t\t\t        <section class=\"elementor-section elementor-top-section elementor-element elementor-element-1aa54b9 elementor-section-boxed elementor-section-height-default elementor-section-height-default pxl-row-scroll-none pxl-section-bg-none\" data-id=\"1aa54b9\" data-element_type=\"section\">\n\n                \n                <div class=\"elementor-container elementor-column-gap-default\">\n                <div class=\"elementor-column elementor-col-100 elementor-top-column elementor-element elementor-element-c012e2c pxl-column-none\" data-id=\"c012e2c\" data-element_type=\"column\">\r\n        <div class=\"elementor-widget-wrap elementor-element-populated\">\r\n                     \r\n        \t\t<div class=\"elementor-element elementor-element-2cebd5e elementor-widget elementor-widget-pxl_heading\" data-id=\"2cebd5e\" data-element_type=\"widget\" data-widget_type=\"pxl_heading.default\">\n\t\t\t\t<div class=\"elementor-widget-container\">\n\t\t\t\t\t<div class=\"pxl-heading\">\n\t<div class=\"pxl-heading--inner\">\n\t\t\t\t\t\t\t<h2 class=\"pxl-item--title heading-style1\" data-wow-delay=\"ms\" data-wow-duration=\"1.2s\" >\n\t\t\t\tImprint\n\t\t\t<\/h2>\n\t\t\t<\/div>\n<\/div>\n\t\t\t\t<\/div>\n\t\t\t\t<\/div>\n\t\t\t\t<div class=\"elementor-element elementor-element-9d51c85 elementor-widget elementor-widget-text-editor\" data-id=\"9d51c85\" data-element_type=\"widget\" data-widget_type=\"text-editor.default\">\n\t\t\t\t<div class=\"elementor-widget-container\">\n\t\t\t\t\t\t\t\t\t<p data-start=\"124\" data-end=\"149\">(<em data-start=\"125\" data-end=\"148\">Angaben gem\u00e4\u00df \u00a7 5 TMG<\/em>)<\/p><p data-start=\"151\" data-end=\"183\"><strong data-start=\"151\" data-end=\"166\">Firmenname:<\/strong><br data-start=\"166\" data-end=\"169\" \/>AI Coding GmbH<\/p><p data-start=\"185\" data-end=\"254\"><strong data-start=\"185\" data-end=\"199\">Anschrift:<\/strong><br data-start=\"199\" data-end=\"202\" \/>Peter M\u00fcller Str. 3<br data-start=\"221\" data-end=\"224\" \/>40468 D\u00fcsseldorf<br data-start=\"240\" data-end=\"243\" \/>Deutschland<\/p><p data-start=\"256\" data-end=\"311\"><strong data-start=\"256\" data-end=\"276\">Vertreten durch:<\/strong><br data-start=\"276\" data-end=\"279\" \/>Gesch\u00e4ftsf\u00fchrer: Dr. Tolga Akcay<\/p><p data-start=\"313\" data-end=\"355\"><strong data-start=\"313\" data-end=\"325\">Kontakt:<\/strong><br data-start=\"325\" data-end=\"328\" \/>E-Mail: <a class=\"cursor-pointer\" rel=\"noopener\" data-start=\"336\" data-end=\"355\">hello@tolga-akcay.com<\/a><\/p><p data-start=\"357\" data-end=\"505\"><strong data-start=\"357\" data-end=\"384\">Handelsregistereintrag:<\/strong><br data-start=\"384\" data-end=\"387\" \/>Eingetragen im Handelsregister des Amtsgerichts D\u00fcsseldorf<br data-start=\"445\" data-end=\"448\" \/>Handelsregisternummer: [Bitte eintragen, falls vorhanden]<\/p><p data-start=\"507\" data-end=\"632\"><strong data-start=\"507\" data-end=\"527\">Umsatzsteuer-ID:<\/strong><br data-start=\"527\" data-end=\"530\" \/>Umsatzsteuer-Identifikationsnummer gem\u00e4\u00df \u00a7 27 a Umsatzsteuergesetz: [Bitte eintragen, falls vorhanden]<\/p><p data-start=\"634\" data-end=\"760\"><strong data-start=\"634\" data-end=\"687\">Inhaltlich verantwortlich gem\u00e4\u00df \u00a7 55 Abs. 2 RStV:<br \/><\/strong>AI Coding GmbH<br data-start=\"687\" data-end=\"690\" \/>Dr. Tolga Akcay<br data-start=\"705\" data-end=\"708\" \/>Peter M\u00fcller Str. 3<br data-start=\"727\" data-end=\"730\" \/>40468 D\u00fcsseldorf<br data-start=\"746\" data-end=\"749\" \/>Deutschland<\/p>\t\t\t\t\t\t\t\t<\/div>\n\t\t\t\t<\/div>\n\t\t            <\/div>\r\n        <\/div>\r\n        \t\t\t<\/div>\n\t\t<\/section>\n\t\t\t\t<\/div>","protected":false},"excerpt":{"rendered":"<p>Impressum (Angaben gem\u00e4\u00df \u00a7 5 TMG) Firmenname:AI Coding GmbH Anschrift:Peter M\u00fcller Str. 340468 D\u00fcsseldorfDeutschland Vertreten durch:Gesch\u00e4ftsf\u00fchrer: Dr. Tolga Akcay Kontakt:E-Mail: hello@tolga-akcay.com Handelsregistereintrag:Eingetragen im Handelsregister des Amtsgerichts D\u00fcsseldorfHandelsregisternummer: [Bitte eintragen, falls vorhanden] Umsatzsteuer-ID:Umsatzsteuer-Identifikationsnummer gem\u00e4\u00df \u00a7 27 a Umsatzsteuergesetz: [Bitte eintragen, falls vorhanden] Inhaltlich verantwortlich gem\u00e4\u00df \u00a7 55 Abs. 2 RStV:AI Coding GmbHDr. Tolga AkcayPeter M\u00fcller Str. [&hellip;]<\/p>","protected":false},"author":38,"featured_media":0,"parent":0,"menu_order":0,"comment_status":"closed","ping_status":"closed","template":"elementor_header_footer","meta":{"footnotes":""},"class_list":["post-6500","page","type-page","status-publish","hentry"],"_links":{"self":[{"href":"https:\/\/tolga-akcay.com\/en\/wp-json\/wp\/v2\/pages\/6500","targetHints":{"allow":["GET"]}}],"collection":[{"href":"https:\/\/tolga-akcay.com\/en\/wp-json\/wp\/v2\/pages"}],"about":[{"href":"https:\/\/tolga-akcay.com\/en\/wp-json\/wp\/v2\/types\/page"}],"author":[{"embeddable":true,"href":"https:\/\/tolga-akcay.com\/en\/wp-json\/wp\/v2\/users\/38"}],"replies":[{"embeddable":true,"href":"https:\/\/tolga-akcay.com\/en\/wp-json\/wp\/v2\/comments?post=6500"}],"version-history":[{"count":10,"href":"https:\/\/tolga-akcay.com\/en\/wp-json\/wp\/v2\/pages\/6500\/revisions"}],"predecessor-version":[{"id":6739,"href":"https:\/\/tolga-akcay.com\/en\/wp-json\/wp\/v2\/pages\/6500\/revisions\/6739"}],"wp:attachment":[{"href":"https:\/\/tolga-akcay.com\/en\/wp-json\/wp\/v2\/media?parent=6500"}],"curies":[{"name":"wp","href":"https:\/\/api.w.org\/{rel}","templated":true}]}}