{"id":6583,"date":"2025-07-12T15:47:23","date_gmt":"2025-07-12T13:47:23","guid":{"rendered":"https:\/\/tolga-akcay.com\/?page_id=6583"},"modified":"2025-07-12T17:33:23","modified_gmt":"2025-07-12T15:33:23","slug":"datenschutzerklaerung-2","status":"publish","type":"page","link":"https:\/\/tolga-akcay.com\/en\/datenschutzerklaerung-2\/","title":{"rendered":"Datenschutzerkl\u00e4rung"},"content":{"rendered":"<div data-elementor-type=\"wp-page\" data-elementor-id=\"6583\" class=\"elementor elementor-6583\" data-elementor-post-type=\"page\">\n\t\t\t\t<div class=\"elementor-element elementor-element-06dd6a2 e-flex e-con-boxed pxl-row-scroll-none pxl-section-bg-none pxl-column-none e-con e-parent\" data-id=\"06dd6a2\" data-element_type=\"container\">\t\t\t<div class=\"e-con-inner\">\r\n\t\t\t\t<div class=\"elementor-element elementor-element-270c3d6 elementor-widget elementor-widget-heading\" data-id=\"270c3d6\" data-element_type=\"widget\" data-widget_type=\"heading.default\">\n\t\t\t\t<div class=\"elementor-widget-container\">\n\t\t\t\t\t<h2 class=\"elementor-heading-title elementor-size-default\">Datenschutzerkl\u00e4rung<\/h2>\t\t\t\t<\/div>\n\t\t\t\t<\/div>\n\t\t\t\t\t<\/div>\r\n\t\t\t\t<\/div>\r\n\t\t<div class=\"elementor-element elementor-element-b840e12 e-flex e-con-boxed pxl-row-scroll-none pxl-section-bg-none pxl-column-none e-con e-parent\" data-id=\"b840e12\" data-element_type=\"container\">\t\t\t<div class=\"e-con-inner\">\r\n\t\t\t\t<div class=\"elementor-element elementor-element-430bf94 elementor-widget elementor-widget-text-editor\" data-id=\"430bf94\" data-element_type=\"widget\" data-widget_type=\"text-editor.default\">\n\t\t\t\t<div class=\"elementor-widget-container\">\n\t\t\t\t\t\t\t\t\t<h5><b>1. Verantwortlicher<\/b><\/h5><p><span style=\"font-weight: 400;\">Verantwortlich f\u00fcr die Datenverarbeitung auf dieser Website ist:<\/span><\/p><p><span style=\"font-weight: 400;\">AI Coding GmbH<\/span><span style=\"font-weight: 400;\"><br \/><\/span><span style=\"font-weight: 400;\">Peter M\u00fcller Str. 3<\/span><span style=\"font-weight: 400;\"><br \/><\/span><span style=\"font-weight: 400;\">40468 D\u00fcsseldorf<\/span><span style=\"font-weight: 400;\"><br \/><\/span><span style=\"font-weight: 400;\">Deutschland<\/span><span style=\"font-weight: 400;\"><br \/><\/span><span style=\"font-weight: 400;\">E-Mail: hello@tolga-akcay.com<\/span><span style=\"font-weight: 400;\"><br \/><\/span><span style=\"font-weight: 400;\">Gesch\u00e4ftsf\u00fchrer: Dr. Tolga Akcay<\/span><\/p><h5><b>2. Allgemeine Hinweise zur Datenverarbeitung<\/b><\/h5><p><span style=\"font-weight: 400;\">Der Schutz Ihrer pers\u00f6nlichen Daten ist uns ein besonderes Anliegen. Wir behandeln Ihre personenbezogenen Daten vertraulich und entsprechend der gesetzlichen Datenschutzvorschriften sowie dieser Datenschutzerkl\u00e4rung.<\/span><\/p><p><span style=\"font-weight: 400;\">Diese Datenschutzerkl\u00e4rung kl\u00e4rt Sie \u00fcber die Art, den Umfang und Zweck der Verarbeitung von personenbezogenen Daten innerhalb unseres Onlineangebotes auf.<\/span><\/p><h5><b>3. Erhebung und Speicherung personenbezogener Daten sowie Art und Zweck von deren Verwendung<\/b><\/h5><p>a) Beim Besuch der Website<br \/>Beim Aufrufen unserer Website werden durch den auf Ihrem Endger\u00e4t zum Einsatz kommenden Browser automatisch Informationen an den Server unserer Website gesendet. Diese Informationen werden tempor\u00e4r in einem sogenannten Logfile gespeichert. Folgende Daten werden dabei erfasst:<br \/>&#8211; IP-Adresse des anfragenden Rechners<br \/>&#8211; Datum und Uhrzeit des Zugriffs<br \/>&#8211; Name und URL der abgerufenen Datei<br \/>&#8211; Website, von der aus der Zugriff erfolgt (Referrer-URL)<br \/>&#8211; verwendeter Browser und ggf. das Betriebssystem Ihres Rechners<br \/>&#8211; Name Ihres Access-Provider<\/p><p><strong>Die genannten Daten werden durch uns zu folgenden Zwecken verarbeitet<\/strong><br \/>&#8211; Gew\u00e4hrleistung eines reibungslosen Verbindungsaufbaus der Website<br \/>&#8211; Gew\u00e4hrleistung einer komfortablen Nutzung unserer Website<br \/>&#8211; Auswertung der Systemsicherheit und -stabilit\u00e4t<br \/>&#8211; zu weiteren administrativen Zwecken<\/p><p>Rechtsgrundlage f\u00fcr die Datenverarbeitung ist Art. 6 Abs. 1 S. 1 lit. f DSGVO.<\/p><p>b) Kontaktformular \/ Terminbuchung<br \/>Wenn Sie mit uns per Kontaktformular oder Buchungsformular Kontakt aufnehmen, werden Ihre Angaben zwecks Bearbeitung der Anfrage sowie f\u00fcr den Fall von Anschlussfragen gespeichert.<br \/>Pflichtfelder: Name, E-Mail, Telefonnummer<br \/>Optionale Felder: Firmenname, Nachricht \/ Anliegen<\/p><p>Die Verarbeitung der eingegebenen Daten erfolgt auf Grundlage von Art. 6 Abs. 1 lit. b DSGVO (Vertragsanbahnung) oder auf Basis Ihres freiwilligen Einverst\u00e4ndnisses (Art. 6 Abs. 1 lit. a DSGVO).<\/p><p>c) Verwendung von Cookies<br \/>Unsere Website verwendet Cookies. Dabei handelt es sich um kleine Textdateien, die auf Ihrem Endger\u00e4t gespeichert werden. Einige Cookies sind essenziell, andere helfen uns, die Website zu verbessern.<br \/>Bei Aufruf der Seite fragen wir Ihre Einwilligung \u00fcber ein Cookie-Banner ab. Die Verarbeitung erfolgt auf Grundlage von Art. 6 Abs. 1 lit. a DSGVO.<\/p><p>d) Analyse-Tools und Drittanbieter<br \/>Unsere Website kann Analyse- und Statistiktools (z.\u202fB. Google Analytics, SEObility etc.) sowie ein Chatbot-System verwenden. Die Nutzung erfolgt ausschlie\u00dflich mit Ihrer Einwilligung (Art. 6 Abs. 1 lit. a DSGVO). Weitere Details dazu finden Sie in den Einstellungen des Cookie-Banners.<\/p><h5><b>4. Ihre Rechte als betroffene Person<\/b><\/h5><p>Sie haben das Recht:<br \/>&#8211; gem\u00e4\u00df Art. 15 DSGVO Auskunft \u00fcber Ihre von uns verarbeiteten personenbezogenen Daten zu verlangen<br \/>&#8211; gem\u00e4\u00df Art. 16 DSGVO die Berichtigung unrichtiger Daten zu verlangen<br \/>&#8211; gem\u00e4\u00df Art. 17 DSGVO die L\u00f6schung Ihrer Daten zu verlangen<br \/>&#8211; gem\u00e4\u00df Art. 18 DSGVO die Einschr\u00e4nkung der Verarbeitung zu verlangen<br \/>&#8211; gem\u00e4\u00df Art. 20 DSGVO Ihre Daten in einem strukturierten, g\u00e4ngigen und maschinenlesbaren Format zu erhalten<br \/>&#8211; gem\u00e4\u00df Art. 7 Abs. 3 DSGVO Ihre Einwilligung jederzeit zu widerrufen<br \/>&#8211; gem\u00e4\u00df Art. 77 DSGVO sich bei einer Aufsichtsbeh\u00f6rde zu beschweren<\/p><h5><b>5. Datensicherheit<\/b><\/h5><p>Wir verwenden innerhalb des Website-Besuchs das verbreitete SSL-Verfahren (Secure Socket Layer) in Verbindung mit der jeweils h\u00f6chsten Verschl\u00fcsselungsstufe. Zudem setzen wir geeignete technische und organisatorische Sicherheitsma\u00dfnahmen ein, um Ihre Daten gegen Manipulation, Verlust oder unbefugten Zugriff zu sch\u00fctzen.<\/p><h5><b>6. Aktualit\u00e4t und \u00c4nderung dieser Datenschutzerkl\u00e4rung<\/b><\/h5><p>Diese Datenschutzerkl\u00e4rung ist aktuell g\u00fcltig und hat den Stand: Juli 2025.<br \/>Wir behalten uns vor, diese Datenschutzerkl\u00e4rung anzupassen, um sie an ge\u00e4nderte rechtliche oder technische Anforderungen anzupassen.<\/p>\t\t\t\t\t\t\t\t<\/div>\n\t\t\t\t<\/div>\n\t\t\t\t\t<\/div>\r\n\t\t\t\t<\/div>\r\n\t\t\t\t<\/div>","protected":false},"excerpt":{"rendered":"<p>Datenschutzerkl\u00e4rung 1. Verantwortlicher Verantwortlich f\u00fcr die Datenverarbeitung auf dieser Website ist: AI Coding GmbHPeter M\u00fcller Str. 340468 D\u00fcsseldorfDeutschlandE-Mail: hello@tolga-akcay.comGesch\u00e4ftsf\u00fchrer: Dr. Tolga Akcay 2. Allgemeine Hinweise zur Datenverarbeitung Der Schutz Ihrer pers\u00f6nlichen Daten ist uns ein besonderes Anliegen. Wir behandeln Ihre personenbezogenen Daten vertraulich und entsprechend der gesetzlichen Datenschutzvorschriften sowie dieser Datenschutzerkl\u00e4rung. Diese Datenschutzerkl\u00e4rung kl\u00e4rt Sie [&hellip;]<\/p>","protected":false},"author":38,"featured_media":0,"parent":0,"menu_order":0,"comment_status":"closed","ping_status":"closed","template":"","meta":{"footnotes":""},"class_list":["post-6583","page","type-page","status-publish","hentry"],"_links":{"self":[{"href":"https:\/\/tolga-akcay.com\/en\/wp-json\/wp\/v2\/pages\/6583","targetHints":{"allow":["GET"]}}],"collection":[{"href":"https:\/\/tolga-akcay.com\/en\/wp-json\/wp\/v2\/pages"}],"about":[{"href":"https:\/\/tolga-akcay.com\/en\/wp-json\/wp\/v2\/types\/page"}],"author":[{"embeddable":true,"href":"https:\/\/tolga-akcay.com\/en\/wp-json\/wp\/v2\/users\/38"}],"replies":[{"embeddable":true,"href":"https:\/\/tolga-akcay.com\/en\/wp-json\/wp\/v2\/comments?post=6583"}],"version-history":[{"count":43,"href":"https:\/\/tolga-akcay.com\/en\/wp-json\/wp\/v2\/pages\/6583\/revisions"}],"predecessor-version":[{"id":6697,"href":"https:\/\/tolga-akcay.com\/en\/wp-json\/wp\/v2\/pages\/6583\/revisions\/6697"}],"wp:attachment":[{"href":"https:\/\/tolga-akcay.com\/en\/wp-json\/wp\/v2\/media?parent=6583"}],"curies":[{"name":"wp","href":"https:\/\/api.w.org\/{rel}","templated":true}]}}